{"id":177,"date":"2023-06-04T12:23:50","date_gmt":"2023-06-04T10:23:50","guid":{"rendered":"https:\/\/carwash.glab.at\/?page_id=177"},"modified":"2025-09-10T15:23:09","modified_gmt":"2025-09-10T13:23:09","slug":"stargate-s11","status":"publish","type":"page","link":"https:\/\/carwash.siems-klein.at\/?page_id=177","title":{"rendered":"Stargate S11"},"content":{"rendered":"<div data-colibri-id=\"177-c1\" class=\"style-787 style-local-177-c1 position-relative\">\r\n  <!---->\r\n  <div data-colibri-component=\"section\" data-colibri-id=\"177-c6\" id=\"custom\" class=\"h-section h-section-global-spacing d-flex align-items-lg-center align-items-md-center align-items-center style-792 style-local-177-c6 position-relative\">\r\n    <!---->\r\n    <!---->\r\n    <div class=\"h-section-grid-container h-section-boxed-container\">\r\n      <!---->\r\n      <div data-colibri-id=\"177-c7\" class=\"h-row-container gutters-row-lg-2 gutters-row-md-2 gutters-row-0 gutters-row-v-lg-2 gutters-row-v-md-2 gutters-row-v-2 style-793 style-local-177-c7 position-relative\">\r\n        <!---->\r\n        <div class=\"h-row justify-content-lg-center justify-content-md-center justify-content-center align-items-lg-stretch align-items-md-stretch align-items-stretch gutters-col-lg-2 gutters-col-md-2 gutters-col-0 gutters-col-v-lg-2 gutters-col-v-md-2 gutters-col-v-2\">\r\n          <!---->\r\n          <div class=\"h-column h-column-container d-flex h-col-lg-auto h-col-md-auto h-col-auto style-794-outer style-local-177-c8-outer\">\r\n            <div data-colibri-id=\"177-c8\" class=\"d-flex h-flex-basis h-column__inner h-px-lg-2 h-px-md-2 h-px-2 v-inner-lg-2 v-inner-md-2 v-inner-2 style-794 style-local-177-c8 position-relative\">\r\n              <!---->\r\n              <!---->\r\n              <div class=\"w-100 h-y-container h-column__content h-column__v-align flex-basis-100 align-self-lg-start align-self-md-start align-self-start\">\r\n                <!---->\r\n                <div data-colibri-id=\"177-c10\" class=\"d-block style-796 style-local-177-c10 position-relative h-element\">\r\n                  <!---->\r\n                  <div class=\"h-image__frame-container-outer\">\r\n                    <div class=\"h-image__frame-container\">\r\n                      <!---->\r\n                      <!---->\r\n                      <img loading=\"lazy\" decoding=\"async\" width=\"400\" height=\"400\" src=\"https:\/\/carwash.siems-klein.at\/wp-content\/uploads\/2023\/06\/cropped-dsc04071_1.jpg\" class=\"wp-image-767 style-796-image style-local-177-c10-image\" alt=\"\" srcset=\"https:\/\/carwash.siems-klein.at\/wp-content\/uploads\/2023\/06\/cropped-dsc04071_1.jpg 400w, https:\/\/carwash.siems-klein.at\/wp-content\/uploads\/2023\/06\/cropped-dsc04071_1-300x300.jpg 300w, https:\/\/carwash.siems-klein.at\/wp-content\/uploads\/2023\/06\/cropped-dsc04071_1-150x150.jpg 150w\" sizes=\"auto, (max-width: 400px) 100vw, 400px\" \/>\r\n                      <div class=\"h-image__frame h-hide-lg h-hide-md h-hide-sm style-796-frameImage style-local-177-c10-frameImage\"><\/div>\r\n                    <\/div>\r\n                  <\/div>\r\n                <\/div>\r\n                <div data-colibri-id=\"177-c11\" class=\"h-x-container style-797 style-local-177-c11 position-relative h-element\">\r\n                  <!---->\r\n                  <div class=\"h-x-container-inner style-dynamic-177-c11-group style-797-spacing style-local-177-c11-spacing\"><span class=\"h-link__outer style-798-outer style-local-177-c12-outer d-inline-flex h-element\"><a h-use-smooth-scroll=\"true\" href=\"https:\/\/carwash.glab.at\/wp-content\/uploads\/2023\/06\/catalogo_s10_a4_3_ante_deu.pdf\"  data-colibri-id=\"177-c12\" class=\"d-flex w-100 align-items-center h-link style-798 style-local-177-c12 position-relative\"><!----><span  class=\"h-svg-icon h-link__icon style-798-icon style-local-177-c12-icon\"><!--Icon by Font Awesome (https:\/\/fontawesome.com)-->\r\n    <svg version=\"1.1\" xmlns=\"http:\/\/www.w3.org\/2000\/svg\" xmlns:xlink=\"http:\/\/www.w3.org\/1999\/xlink\" id=\"file-pdf-o\" viewBox=\"0 0 1611.2499 1896.0833\">\r\n      <path d=\"M1468 380q28 28 48 76t20 88v1152q0 40-28 68t-68 28H96q-40 0-68-28t-28-68V96q0-40 28-68T96 0h896q40 0 88 20t76 48zm-444-244v376h376q-10-29-22-41l-313-313q-12-12-41-22zm384 1528V640H992q-40 0-68-28t-28-68V128H128v1536h1280zm-514-593q33 26 84 56 59-7 117-7 147 0 177 49 16 22 2 52 0 1-1 2l-2 2v1q-6 38-71 38-48 0-115-20t-130-53q-221 24-392 83-153 262-242 262-15 0-28-7l-24-12q-1-1-6-5-10-10-6-36 9-40 56-91.5t132-96.5q14-9 23 6 2 2 2 4 52-85 107-197 68-136 104-262-24-82-30.5-159.5T657 552q11-40 42-40h22q23 0 35 15 18 21 9 68-2 6-4 8 1 3 1 8v30q-2 123-14 192 55 164 146 238zm-576 411q52-24 137-158-51 40-87.5 84t-49.5 74zm398-920q-15 42-2 132 1-7 7-44 0-3 7-43 1-4 4-8-1-1-1-2-1-2-1-3-1-22-13-36 0 1-1 2v2zm-124 661q135-54 284-81-2-1-13-9.5t-16-13.5q-76-67-127-176-27 86-83 197-30 56-45 83zm646-16q-24-24-140-24 76 28 124 28 14 0 18-1 0-1-2-3z\"><\/path>\r\n    <\/svg><\/span> <span>Weitere Informationen (Infoblatt)<\/span><\/a>\r\n                    <\/span>\r\n                  <\/div>\r\n                <\/div>\r\n              <\/div>\r\n            <\/div>\r\n          <\/div>\r\n          <div class=\"h-column h-column-container d-flex h-col-lg-auto h-col-md-auto h-col-auto style-795-outer style-local-177-c9-outer\">\r\n            <div data-colibri-id=\"177-c9\" class=\"d-flex h-flex-basis h-column__inner h-px-lg-2 h-px-md-2 h-px-2 v-inner-lg-2 v-inner-md-2 v-inner-2 style-795 style-local-177-c9 position-relative\">\r\n              <!---->\r\n              <!---->\r\n              <div class=\"w-100 h-y-container h-column__content h-column__v-align flex-basis-100 align-self-lg-start align-self-md-start align-self-start\">\r\n                <!---->\r\n                <div data-colibri-id=\"177-c13\" class=\"h-text h-text-component style-799 style-local-177-c13 position-relative h-element\">\r\n                  <!---->\r\n                  <!---->\r\n                  <div class=\"\">\r\n                    <h3><strong>Datenblatt<\/strong><\/h3>\r\n                    <h4>Struktur<\/h4>\r\n                    <ul>\r\n                      <li><span style=\"font-weight: 400; font-size: 16px; font-family: Lato; color: rgb(34, 34, 34);\">Rahmen aus verzinktem und lackiertem Stahl<\/span><\/li>\r\n                      <li><span style=\"font-family: Lato;\">ABS Verkleidung<\/span><\/li>\r\n                      <li><span style=\"color: rgb(34, 34, 34); font-family: Lato; font-size: 16px; font-weight: 400;\">Direkt-Portalantrieb mit Inverter<\/span><\/li>\r\n                      <li><span style=\"color: rgb(34, 34, 34); font-family: Lato; font-size: 16px; font-weight: 400;\">Hochbest\u00e4ndige Vernietung, wie in der Luftfahrt<\/span><\/li>\r\n                      <li><span style=\"font-family: Lato;\">Schrauben aus Edelstahl<\/span><\/li>\r\n                    <\/ul>\r\n                    <h4>Vertikale B\u00fcrsten<\/h4>\r\n                    <ul>\r\n                      <li>Einzelbalkenf\u00fchrung aus verzinktem Stahl<\/li>\r\n                      <li>Elektrisches Uhrwerk mit Wechselrichter<\/li>\r\n                      <li>Rotation und elektronische Leistungssteuerung \u00fcber Wechselrichter<\/li>\r\n                      <li>Doppelt geb\u00fcrstet auf der Vorder- und R\u00fcckseite des Autos<\/li>\r\n                      <li>Seitliche Neigung und Halbzylinderverriegelung<\/li>\r\n                      <li>Reifen<\/li>\r\n                      <li>Sicherheitsvorrichtungen f\u00fcr Anh\u00e4ngerkupplungen<\/li>\r\n                    <\/ul>\r\n                    <h4>Horizontaler Pinsel<\/h4>\r\n                    <ul>\r\n                      <li>Elektrisches Heben mit Wechselrichter<\/li>\r\n                      <li>Rotation und elektronische Leistungssteuerung \u00fcber Wechselrichter<\/li>\r\n                      <li>F\u00fchrungen aus Edelstahl<\/li>\r\n                      <li>Anti-Fall-Sicherheitssystem<\/li>\r\n                    <\/ul>\r\n                    <h4>Trocknen<\/h4>\r\n                    <ul>\r\n                      <li>Horizontale Edelstahlklinge zur Anpassung an das Profil, um 360\u00b0 verstellbar mit motorisierter Steuerung mit Inverter<\/li>\r\n                      <li>Elektrisches Heben mit Wechselrichter<\/li>\r\n                      <li>F\u00fchrungen aus Edelstahl<\/li>\r\n                      <li>Seitliche Trocknung durch 2 elektrische Ventilatoren<\/li>\r\n                      <li>Anti-Fall-Sicherheitssystem<\/li>\r\n                    <\/ul>\r\n                    <h4>Standard Ausr\u00fcstung<\/h4>\r\n                    <ul>\r\n                      <li>Hydrauliksystem mit Magnetventilen und speziellen Rampen<\/li>\r\n                      <li>Dosierpumpe f\u00fcr Shampoo<\/li>\r\n                      <li>Wachsdosierpumpe<\/li>\r\n                      <li>7 Inverter<\/li>\r\n                      <li>Komplett in die Maschinenelektronik integriertes Self-Service-Setup<\/li>\r\n                    <\/ul>\r\n                    <p>* Optional<\/p>\r\n                    <p>\r\n                      <br>\r\n                    <\/p>\r\n                  <\/div>\r\n                <\/div>\r\n              <\/div>\r\n            <\/div>\r\n          <\/div>\r\n        <\/div>\r\n      <\/div>\r\n    <\/div>\r\n  <\/div>\r\n<\/div>","protected":false},"excerpt":{"rendered":"<p>Weitere Informationen (Infoblatt) Datenblatt Struktur Rahmen aus verzinktem und lackiertem Stahl ABS Verkleidung Direkt-Portalantrieb mit Inverter Hochbest\u00e4ndige Vernietung, wie in der Luftfahrt Schrauben aus Edelstahl Vertikale B\u00fcrsten Einzelbalkenf\u00fchrung aus verzinktem Stahl Elektrisches Uhrwerk mit Wechselrichter Rotation und elektronische Leistungssteuerung \u00fcber Wechselrichter Doppelt geb\u00fcrstet auf der Vorder- und R\u00fcckseite des Autos Seitliche Neigung und Halbzylinderverriegelung Reifen [&hellip;]<\/p>\n","protected":false},"author":1,"featured_media":0,"parent":0,"menu_order":0,"comment_status":"closed","ping_status":"closed","template":"page-templates\/full-width-page.php","meta":{"om_disable_all_campaigns":false,"_monsterinsights_skip_tracking":false,"_monsterinsights_sitenote_active":false,"_monsterinsights_sitenote_note":"","_monsterinsights_sitenote_category":0,"footnotes":""},"class_list":["post-177","page","type-page","status-publish","hentry"],"aioseo_notices":[],"_links":{"self":[{"href":"https:\/\/carwash.siems-klein.at\/index.php?rest_route=\/wp\/v2\/pages\/177","targetHints":{"allow":["GET"]}}],"collection":[{"href":"https:\/\/carwash.siems-klein.at\/index.php?rest_route=\/wp\/v2\/pages"}],"about":[{"href":"https:\/\/carwash.siems-klein.at\/index.php?rest_route=\/wp\/v2\/types\/page"}],"author":[{"embeddable":true,"href":"https:\/\/carwash.siems-klein.at\/index.php?rest_route=\/wp\/v2\/users\/1"}],"replies":[{"embeddable":true,"href":"https:\/\/carwash.siems-klein.at\/index.php?rest_route=%2Fwp%2Fv2%2Fcomments&post=177"}],"version-history":[{"count":5,"href":"https:\/\/carwash.siems-klein.at\/index.php?rest_route=\/wp\/v2\/pages\/177\/revisions"}],"predecessor-version":[{"id":918,"href":"https:\/\/carwash.siems-klein.at\/index.php?rest_route=\/wp\/v2\/pages\/177\/revisions\/918"}],"wp:attachment":[{"href":"https:\/\/carwash.siems-klein.at\/index.php?rest_route=%2Fwp%2Fv2%2Fmedia&parent=177"}],"curies":[{"name":"wp","href":"https:\/\/api.w.org\/{rel}","templated":true}]}}