{"id":173,"date":"2023-06-04T12:23:35","date_gmt":"2023-06-04T10:23:35","guid":{"rendered":"https:\/\/carwash.glab.at\/?page_id=173"},"modified":"2025-09-10T15:23:29","modified_gmt":"2025-09-10T13:23:29","slug":"stargate-s10","status":"publish","type":"page","link":"https:\/\/carwash.siems-klein.at\/?page_id=173","title":{"rendered":"Stargate S10"},"content":{"rendered":"<div data-colibri-id=\"173-c1\" class=\"style-826 style-local-173-c1 position-relative\">\r\n  <!---->\r\n  <div data-colibri-component=\"section\" data-colibri-id=\"173-c2\" id=\"custom\" class=\"h-section h-section-global-spacing d-flex align-items-lg-center align-items-md-center align-items-center style-831 style-local-173-c2 position-relative\">\r\n    <!---->\r\n    <!---->\r\n    <div class=\"h-section-grid-container h-section-boxed-container\">\r\n      <!---->\r\n      <div data-colibri-id=\"173-c3\" class=\"h-row-container gutters-row-lg-2 gutters-row-md-2 gutters-row-0 gutters-row-v-lg-2 gutters-row-v-md-2 gutters-row-v-2 style-832 style-local-173-c3 position-relative\">\r\n        <!---->\r\n        <div class=\"h-row justify-content-lg-center justify-content-md-center justify-content-center align-items-lg-stretch align-items-md-stretch align-items-stretch gutters-col-lg-2 gutters-col-md-2 gutters-col-0 gutters-col-v-lg-2 gutters-col-v-md-2 gutters-col-v-2\">\r\n          <!---->\r\n          <div class=\"h-column h-column-container d-flex h-col-lg-auto h-col-md-auto h-col-auto style-833-outer style-local-173-c4-outer\">\r\n            <div data-colibri-id=\"173-c4\" class=\"d-flex h-flex-basis h-column__inner h-px-lg-2 h-px-md-2 h-px-2 v-inner-lg-2 v-inner-md-2 v-inner-2 style-833 style-local-173-c4 position-relative\">\r\n              <!---->\r\n              <!---->\r\n              <div class=\"w-100 h-y-container h-column__content h-column__v-align flex-basis-100 align-self-lg-start align-self-md-start align-self-start\">\r\n                <!---->\r\n                <div data-colibri-id=\"173-c5\" class=\"d-block style-835 style-local-173-c5 position-relative h-element\">\r\n                  <!---->\r\n                  <div class=\"h-image__frame-container-outer\">\r\n                    <div class=\"h-image__frame-container\">\r\n                      <!---->\r\n                      <!---->\r\n                      <img loading=\"lazy\" decoding=\"async\" width=\"1000\" height=\"1000\" src=\"https:\/\/carwash.siems-klein.at\/wp-content\/uploads\/2024\/07\/S10_AQUARAMA_USCITA_GIALLO.webp\" class=\"wp-image-957 style-835-image style-local-173-c5-image\" alt=\"\" srcset=\"https:\/\/carwash.siems-klein.at\/wp-content\/uploads\/2024\/07\/S10_AQUARAMA_USCITA_GIALLO.webp 1000w, https:\/\/carwash.siems-klein.at\/wp-content\/uploads\/2024\/07\/S10_AQUARAMA_USCITA_GIALLO-300x300.webp 300w, https:\/\/carwash.siems-klein.at\/wp-content\/uploads\/2024\/07\/S10_AQUARAMA_USCITA_GIALLO-150x150.webp 150w, https:\/\/carwash.siems-klein.at\/wp-content\/uploads\/2024\/07\/S10_AQUARAMA_USCITA_GIALLO-768x768.webp 768w\" sizes=\"auto, (max-width: 1000px) 100vw, 1000px\" \/>\r\n                      <div class=\"h-image__frame h-hide-lg h-hide-md h-hide-sm style-835-frameImage style-local-173-c5-frameImage\"><\/div>\r\n                    <\/div>\r\n                  <\/div>\r\n                <\/div>\r\n                <div data-colibri-id=\"173-c6\" class=\"h-x-container style-836 style-local-173-c6 position-relative h-element\">\r\n                  <!---->\r\n                  <div class=\"h-x-container-inner style-dynamic-173-c6-group style-836-spacing style-local-173-c6-spacing\"><span class=\"h-link__outer style-837-outer style-local-173-c7-outer d-inline-flex h-element\"><a h-use-smooth-scroll=\"true\" href=\"https:\/\/carwash.glab.at\/wp-content\/uploads\/2023\/06\/catalogo_s10_a4_3_ante_deu.pdf\" target=\"_blank\" data-colibri-id=\"173-c7\" class=\"d-flex w-100 align-items-center h-link style-837 style-local-173-c7 position-relative\" rel=\"noopener\"><!----><span  class=\"h-svg-icon h-link__icon style-837-icon style-local-173-c7-icon\"><!--Icon by Font Awesome (https:\/\/fontawesome.com)-->\r\n    <svg version=\"1.1\" xmlns=\"http:\/\/www.w3.org\/2000\/svg\" xmlns:xlink=\"http:\/\/www.w3.org\/1999\/xlink\" id=\"file-pdf-o\" viewBox=\"0 0 1611.2499 1896.0833\">\r\n      <path d=\"M1468 380q28 28 48 76t20 88v1152q0 40-28 68t-68 28H96q-40 0-68-28t-28-68V96q0-40 28-68T96 0h896q40 0 88 20t76 48zm-444-244v376h376q-10-29-22-41l-313-313q-12-12-41-22zm384 1528V640H992q-40 0-68-28t-28-68V128H128v1536h1280zm-514-593q33 26 84 56 59-7 117-7 147 0 177 49 16 22 2 52 0 1-1 2l-2 2v1q-6 38-71 38-48 0-115-20t-130-53q-221 24-392 83-153 262-242 262-15 0-28-7l-24-12q-1-1-6-5-10-10-6-36 9-40 56-91.5t132-96.5q14-9 23 6 2 2 2 4 52-85 107-197 68-136 104-262-24-82-30.5-159.5T657 552q11-40 42-40h22q23 0 35 15 18 21 9 68-2 6-4 8 1 3 1 8v30q-2 123-14 192 55 164 146 238zm-576 411q52-24 137-158-51 40-87.5 84t-49.5 74zm398-920q-15 42-2 132 1-7 7-44 0-3 7-43 1-4 4-8-1-1-1-2-1-2-1-3-1-22-13-36 0 1-1 2v2zm-124 661q135-54 284-81-2-1-13-9.5t-16-13.5q-76-67-127-176-27 86-83 197-30 56-45 83zm646-16q-24-24-140-24 76 28 124 28 14 0 18-1 0-1-2-3z\"><\/path>\r\n    <\/svg><\/span> <span>Weitere Informationen (Infoblatt)<\/span><\/a>\r\n                    <\/span>\r\n                  <\/div>\r\n                <\/div>\r\n              <\/div>\r\n            <\/div>\r\n          <\/div>\r\n          <div class=\"h-column h-column-container d-flex h-col-lg-auto h-col-md-auto h-col-auto style-834-outer style-local-173-c8-outer\">\r\n            <div data-colibri-id=\"173-c8\" class=\"d-flex h-flex-basis h-column__inner h-px-lg-2 h-px-md-2 h-px-2 v-inner-lg-2 v-inner-md-2 v-inner-2 style-834 style-local-173-c8 position-relative\">\r\n              <!---->\r\n              <!---->\r\n              <div class=\"w-100 h-y-container h-column__content h-column__v-align flex-basis-100 align-self-lg-start align-self-md-start align-self-start\">\r\n                <!---->\r\n                <div data-colibri-id=\"173-c9\" class=\"h-text h-text-component style-838 style-local-173-c9 position-relative h-element\">\r\n                  <!---->\r\n                  <!---->\r\n                  <div class=\"\">\r\n                    <h3><strong>Datenblatt S10<\/strong><\/h3>\r\n                    <h4>Struktur<\/h4>\r\n                    <ul>\r\n                      <li>Rahmen aus verzinktem und lackiertem Stahl<\/li>\r\n                      <li>Verkleidung in ABS *<\/li>\r\n                      <li>Direkt-Portalantrieb mit Inverter<\/li>\r\n                      <li>Hochbest\u00e4ndige Vernietung, wie in der Luftfahrt<\/li>\r\n                      <li>Edelstahlschrauben<\/li>\r\n                    <\/ul>\r\n                    <h4>Seitenb\u00fcrsten<\/h4>\r\n                    <ul>\r\n                      <li>Einzelbalkenf\u00fchrung aus verzinktem Stahl<\/li>\r\n                      <li>Elektrisches Uhrwerk mit Wechselrichter<\/li>\r\n                      <li>Rotation und elektronische Leistungssteuerung \u00fcber Wechselrichter<\/li>\r\n                      <li>Doppelt geb\u00fcrstet auf der Vorder- und R\u00fcckseite des Autos<\/li>\r\n                      <li>Seitliche Neigung und Halbzylinderverriegelung<\/li>\r\n                      <li>Reifen<\/li>\r\n                      <li>Sicherheitsvorrichtungen f\u00fcr Anh\u00e4ngerkupplungen<\/li>\r\n                    <\/ul>\r\n                    <h4>Dachb\u00fcrste<\/h4>\r\n                    <ul>\r\n                      <li>Elektrischer Hub mit Inverter<\/li>\r\n                      <li>Elektronische Leistungskontrolle der Rotation<\/li>\r\n                      <li>Edelstahlf\u00fchrungen<\/li>\r\n                      <li><span style=\"font-weight: 400; font-size: 16px; font-family: Lato; color: rgb(34, 34, 34);\">Anti-Fall Sicherheitssystem<\/span><\/li>\r\n                    <\/ul>\r\n                    <h4>Trocknung<\/h4>\r\n                    <ul>\r\n                      <li>Horizontales Blatt zur Konturverfolgung in Edelstahl, in 3 Positionen schwenkbar<\/li>\r\n                      <li>Elektrischer Hub mit Inverter<\/li>\r\n                      <li>Edelstahlf\u00fchrungen<\/li>\r\n                      <li>Seitentrocknung 2 Elektrogebl\u00e4se mit kippbaren Bl\u00e4ttern<\/li>\r\n                      <li>Absturzschutzsystem<\/li>\r\n                    <\/ul>\r\n                    <h4><strong style=\"font-weight: 400; color: rgb(12, 20, 22);\">Standardausstattung&nbsp;<\/strong><strong style=\"font-weight: 900;\"><br><\/strong><\/h4>\r\n                    <ul>\r\n                      <li>Hydrauliksystem mit Magnetventilen und speziellen Rampen<\/li>\r\n                      <li>Dosierpumpe f\u00fcr Shampoo<\/li>\r\n                      <li>Wachsdosierpumpe<\/li>\r\n                      <li>7 Inverter<\/li>\r\n                      <li>Komplett in die Maschinenelektronik integriertes Self-Service-Setup<\/li>\r\n                    <\/ul>\r\n                    <p>* Optional<\/p>\r\n                    <p>\r\n                      <br>\r\n                    <\/p>\r\n                  <\/div>\r\n                <\/div>\r\n              <\/div>\r\n            <\/div>\r\n          <\/div>\r\n        <\/div>\r\n      <\/div>\r\n    <\/div>\r\n  <\/div>\r\n<\/div>","protected":false},"excerpt":{"rendered":"<p>Weitere Informationen (Infoblatt) Datenblatt S10 Struktur Rahmen aus verzinktem und lackiertem Stahl Verkleidung in ABS * Direkt-Portalantrieb mit Inverter Hochbest\u00e4ndige Vernietung, wie in der Luftfahrt Edelstahlschrauben Seitenb\u00fcrsten Einzelbalkenf\u00fchrung aus verzinktem Stahl Elektrisches Uhrwerk mit Wechselrichter Rotation und elektronische Leistungssteuerung \u00fcber Wechselrichter Doppelt geb\u00fcrstet auf der Vorder- und R\u00fcckseite des Autos Seitliche Neigung und Halbzylinderverriegelung Reifen [&hellip;]<\/p>\n","protected":false},"author":1,"featured_media":0,"parent":0,"menu_order":0,"comment_status":"closed","ping_status":"closed","template":"page-templates\/full-width-page.php","meta":{"om_disable_all_campaigns":false,"_monsterinsights_skip_tracking":false,"_monsterinsights_sitenote_active":false,"_monsterinsights_sitenote_note":"","_monsterinsights_sitenote_category":0,"footnotes":""},"class_list":["post-173","page","type-page","status-publish","hentry"],"aioseo_notices":[],"_links":{"self":[{"href":"https:\/\/carwash.siems-klein.at\/index.php?rest_route=\/wp\/v2\/pages\/173","targetHints":{"allow":["GET"]}}],"collection":[{"href":"https:\/\/carwash.siems-klein.at\/index.php?rest_route=\/wp\/v2\/pages"}],"about":[{"href":"https:\/\/carwash.siems-klein.at\/index.php?rest_route=\/wp\/v2\/types\/page"}],"author":[{"embeddable":true,"href":"https:\/\/carwash.siems-klein.at\/index.php?rest_route=\/wp\/v2\/users\/1"}],"replies":[{"embeddable":true,"href":"https:\/\/carwash.siems-klein.at\/index.php?rest_route=%2Fwp%2Fv2%2Fcomments&post=173"}],"version-history":[{"count":5,"href":"https:\/\/carwash.siems-klein.at\/index.php?rest_route=\/wp\/v2\/pages\/173\/revisions"}],"predecessor-version":[{"id":1112,"href":"https:\/\/carwash.siems-klein.at\/index.php?rest_route=\/wp\/v2\/pages\/173\/revisions\/1112"}],"wp:attachment":[{"href":"https:\/\/carwash.siems-klein.at\/index.php?rest_route=%2Fwp%2Fv2%2Fmedia&parent=173"}],"curies":[{"name":"wp","href":"https:\/\/api.w.org\/{rel}","templated":true}]}}