{"id":1078,"date":"2024-07-17T14:01:02","date_gmt":"2024-07-17T12:01:02","guid":{"rendered":"https:\/\/carwash.siems-klein.at\/?page_id=1078"},"modified":"2025-09-10T15:28:34","modified_gmt":"2025-09-10T13:28:34","slug":"seite-in-erstellung","status":"publish","type":"page","link":"https:\/\/carwash.siems-klein.at\/?page_id=1078","title":{"rendered":"Startube &#8211; Autowaschstra\u00dfe"},"content":{"rendered":"<div data-colibri-id=\"1078-c1\" class=\"style-925 style-local-1078-c1 position-relative\">\r\n  <!---->\r\n  <div data-colibri-component=\"section\" data-colibri-id=\"1078-c2\" id=\"custom\" class=\"h-section h-section-global-spacing d-flex align-items-lg-center align-items-md-center align-items-center style-926 style-local-1078-c2 position-relative\">\r\n    <!---->\r\n    <!---->\r\n    <div class=\"h-section-grid-container h-section-boxed-container\">\r\n      <!---->\r\n      <div data-colibri-id=\"1078-c3\" class=\"h-row-container gutters-row-lg-2 gutters-row-md-2 gutters-row-0 gutters-row-v-lg-2 gutters-row-v-md-2 gutters-row-v-2 style-927 style-local-1078-c3 position-relative\">\r\n        <!---->\r\n        <div class=\"h-row justify-content-lg-center justify-content-md-center justify-content-center align-items-lg-stretch align-items-md-stretch align-items-stretch gutters-col-lg-2 gutters-col-md-2 gutters-col-0 gutters-col-v-lg-2 gutters-col-v-md-2 gutters-col-v-2\">\r\n          <!---->\r\n          <div class=\"h-column h-column-container d-flex h-col-lg-auto h-col-md-auto h-col-auto style-928-outer style-local-1078-c4-outer\">\r\n            <div data-colibri-id=\"1078-c4\" class=\"d-flex h-flex-basis h-column__inner h-px-lg-2 h-px-md-2 h-px-2 v-inner-lg-2 v-inner-md-2 v-inner-2 style-928 style-local-1078-c4 position-relative\">\r\n              <!---->\r\n              <!---->\r\n              <div class=\"w-100 h-y-container h-column__content h-column__v-align flex-basis-100 align-self-lg-start align-self-md-start align-self-start\">\r\n                <!---->\r\n                <div data-colibri-id=\"1078-c6\" class=\"d-block style-930 style-local-1078-c6 position-relative h-element\">\r\n                  <!---->\r\n                  <div class=\"h-image__frame-container-outer\">\r\n                    <div class=\"h-image__frame-container\">\r\n                      <!---->\r\n                      <!---->\r\n                      <img loading=\"lazy\" decoding=\"async\" width=\"600\" height=\"400\" src=\"https:\/\/carwash.siems-klein.at\/wp-content\/uploads\/2024\/07\/startube-1.jpeg\" class=\"wp-image-1102 style-930-image style-local-1078-c6-image\" alt=\"\" srcset=\"https:\/\/carwash.siems-klein.at\/wp-content\/uploads\/2024\/07\/startube-1.jpeg 600w, https:\/\/carwash.siems-klein.at\/wp-content\/uploads\/2024\/07\/startube-1-300x200.jpeg 300w\" sizes=\"auto, (max-width: 600px) 100vw, 600px\" \/>\r\n                      <div class=\"h-image__frame h-hide-lg h-hide-md h-hide-sm style-930-frameImage style-local-1078-c6-frameImage\"><\/div>\r\n                    <\/div>\r\n                  <\/div>\r\n                <\/div>\r\n                <div data-colibri-id=\"1078-c7\" class=\"h-x-container style-931 style-local-1078-c7 position-relative h-element\">\r\n                  <!---->\r\n                  <div class=\"h-x-container-inner style-dynamic-1078-c7-group style-931-spacing style-local-1078-c7-spacing\"><span class=\"h-link__outer style-932-outer style-local-1078-c8-outer d-inline-flex h-element\"><a h-use-smooth-scroll=\"true\" href=\"http:\/\/aquarama.it\/wp-content\/uploads\/2023\/11\/STARTUBE_FRAENG.pdf\" target=\"_blank\" data-colibri-id=\"1078-c8\" class=\"d-flex w-100 align-items-center h-link style-932 style-local-1078-c8 position-relative\" rel=\"noopener\"><!----><span  class=\"h-svg-icon h-link__icon style-932-icon style-local-1078-c8-icon\"><!--Icon by Font Awesome (https:\/\/fontawesome.com)-->\r\n    <svg version=\"1.1\" xmlns=\"http:\/\/www.w3.org\/2000\/svg\" xmlns:xlink=\"http:\/\/www.w3.org\/1999\/xlink\" id=\"file-pdf-o\" viewBox=\"0 0 1611.2499 1896.0833\">\r\n      <path d=\"M1468 380q28 28 48 76t20 88v1152q0 40-28 68t-68 28H96q-40 0-68-28t-28-68V96q0-40 28-68T96 0h896q40 0 88 20t76 48zm-444-244v376h376q-10-29-22-41l-313-313q-12-12-41-22zm384 1528V640H992q-40 0-68-28t-28-68V128H128v1536h1280zm-514-593q33 26 84 56 59-7 117-7 147 0 177 49 16 22 2 52 0 1-1 2l-2 2v1q-6 38-71 38-48 0-115-20t-130-53q-221 24-392 83-153 262-242 262-15 0-28-7l-24-12q-1-1-6-5-10-10-6-36 9-40 56-91.5t132-96.5q14-9 23 6 2 2 2 4 52-85 107-197 68-136 104-262-24-82-30.5-159.5T657 552q11-40 42-40h22q23 0 35 15 18 21 9 68-2 6-4 8 1 3 1 8v30q-2 123-14 192 55 164 146 238zm-576 411q52-24 137-158-51 40-87.5 84t-49.5 74zm398-920q-15 42-2 132 1-7 7-44 0-3 7-43 1-4 4-8-1-1-1-2-1-2-1-3-1-22-13-36 0 1-1 2v2zm-124 661q135-54 284-81-2-1-13-9.5t-16-13.5q-76-67-127-176-27 86-83 197-30 56-45 83zm646-16q-24-24-140-24 76 28 124 28 14 0 18-1 0-1-2-3z\"><\/path>\r\n    <\/svg><\/span> <span>Brosch\u00fcre (Infoblatt) derzeit nur in Englisch und Franz\u00f6sisch<\/span><\/a>\r\n                    <\/span>\r\n                  <\/div>\r\n                <\/div>\r\n              <\/div>\r\n            <\/div>\r\n          <\/div>\r\n          <div class=\"h-column h-column-container d-flex h-col-lg-auto h-col-md-auto h-col-auto style-929-outer style-local-1078-c5-outer\">\r\n            <div data-colibri-id=\"1078-c5\" class=\"d-flex h-flex-basis h-column__inner h-px-lg-2 h-px-md-2 h-px-2 v-inner-lg-2 v-inner-md-2 v-inner-2 style-929 style-local-1078-c5 position-relative\">\r\n              <!---->\r\n              <!---->\r\n              <div class=\"w-100 h-y-container h-column__content h-column__v-align flex-basis-100 align-self-lg-start align-self-md-start align-self-start\">\r\n                <!---->\r\n                <div data-colibri-id=\"1078-c9\" class=\"h-text h-text-component style-933 style-local-1078-c9 position-relative h-element\">\r\n                  <!---->\r\n                  <!---->\r\n                  <div class=\"\">\r\n                    <h3><strong>Startube \u2013 Autowaschstra\u00dfe<\/strong><\/h3>\r\n                    <p>Die Autowaschstra\u00dfe Aquarama innovativ und mit entschlossenem Charakter, vielseitig und funktional; mit L\u00e4ngen von 9 bis 49 Metern zur Befriedigung aller Anforderungen der Reinigungsprofis.<\/p>\r\n                    <ul>\r\n                      <li>Vormontierte Portale, die in variablen Schritten von 100 mm an der Struktur befestigt werden.<\/li>\r\n                    <\/ul>\r\n                    <h4>Ausstattungsf\u00e4hig mit:<\/h4>\r\n                    <ul>\r\n                      <li>Seitenhochdruck mit HD-D\u00fcsen zur Konturverfolgung (mit Seitenwandwaschung).<\/li>\r\n                      <li>Dachhochdruck mit HD-D\u00fcsen auf dem Konturverfolgungsbalken, schwenkbar in 2 Positionen.<\/li>\r\n                      <li>Seitenb\u00fcrsteneinheiten (Waschen, Polieren, etc..)<\/li>\r\n                      <li>Dachb\u00fcrsteneinheiten (Waschen, Polieren, etc..)<\/li>\r\n                      <li>B\u00fcrsten f\u00fcr Seiten- und Radw\u00e4sche<\/li>\r\n                      <li>Halbseitenb\u00fcrsten (brasilianisch)<\/li>\r\n                      <li>Dachtrocknung mit 3-Positionen schwenkbarer Konturverfolgung<\/li>\r\n                      <li>Seitentrocknung<\/li>\r\n                    <\/ul>\r\n                    <p>\r\n                      <br>\r\n                    <\/p>\r\n                  <\/div>\r\n                <\/div>\r\n              <\/div>\r\n            <\/div>\r\n          <\/div>\r\n        <\/div>\r\n      <\/div>\r\n    <\/div>\r\n  <\/div>\r\n<\/div>","protected":false},"excerpt":{"rendered":"<p>Brosch\u00fcre (Infoblatt) derzeit nur in Englisch und Franz\u00f6sisch Startube \u2013 Autowaschstra\u00dfe Die Autowaschstra\u00dfe Aquarama innovativ und mit entschlossenem Charakter, vielseitig und funktional; mit L\u00e4ngen von 9 bis 49 Metern zur Befriedigung aller Anforderungen der Reinigungsprofis. Vormontierte Portale, die in variablen Schritten von 100 mm an der Struktur befestigt werden. Ausstattungsf\u00e4hig mit: Seitenhochdruck mit HD-D\u00fcsen zur [&hellip;]<\/p>\n","protected":false},"author":2,"featured_media":0,"parent":0,"menu_order":0,"comment_status":"closed","ping_status":"closed","template":"page-templates\/full-width-page.php","meta":{"om_disable_all_campaigns":false,"_monsterinsights_skip_tracking":false,"_monsterinsights_sitenote_active":false,"_monsterinsights_sitenote_note":"","_monsterinsights_sitenote_category":0,"footnotes":""},"class_list":["post-1078","page","type-page","status-publish","hentry"],"aioseo_notices":[],"_links":{"self":[{"href":"https:\/\/carwash.siems-klein.at\/index.php?rest_route=\/wp\/v2\/pages\/1078","targetHints":{"allow":["GET"]}}],"collection":[{"href":"https:\/\/carwash.siems-klein.at\/index.php?rest_route=\/wp\/v2\/pages"}],"about":[{"href":"https:\/\/carwash.siems-klein.at\/index.php?rest_route=\/wp\/v2\/types\/page"}],"author":[{"embeddable":true,"href":"https:\/\/carwash.siems-klein.at\/index.php?rest_route=\/wp\/v2\/users\/2"}],"replies":[{"embeddable":true,"href":"https:\/\/carwash.siems-klein.at\/index.php?rest_route=%2Fwp%2Fv2%2Fcomments&post=1078"}],"version-history":[{"count":4,"href":"https:\/\/carwash.siems-klein.at\/index.php?rest_route=\/wp\/v2\/pages\/1078\/revisions"}],"predecessor-version":[{"id":1230,"href":"https:\/\/carwash.siems-klein.at\/index.php?rest_route=\/wp\/v2\/pages\/1078\/revisions\/1230"}],"wp:attachment":[{"href":"https:\/\/carwash.siems-klein.at\/index.php?rest_route=%2Fwp%2Fv2%2Fmedia&parent=1078"}],"curies":[{"name":"wp","href":"https:\/\/api.w.org\/{rel}","templated":true}]}}