{"id":1000,"date":"2024-07-10T14:43:04","date_gmt":"2024-07-10T12:43:04","guid":{"rendered":"https:\/\/carwash.siems-klein.at\/?page_id=1000"},"modified":"2025-09-10T15:18:18","modified_gmt":"2025-09-10T13:18:18","slug":"colibri-1000","status":"publish","type":"page","link":"https:\/\/carwash.siems-klein.at\/?page_id=1000","title":{"rendered":"Bezahlsysteme"},"content":{"rendered":"<div data-colibri-id=\"1000-c1\" class=\"style-877 style-local-1000-c1 position-relative\">\r\n  <!---->\r\n  <div data-colibri-component=\"section\" data-colibri-id=\"1000-c2\" id=\"custom\" class=\"h-section h-section-global-spacing d-flex align-items-lg-center align-items-md-center align-items-center style-878 style-local-1000-c2 position-relative\">\r\n    <!---->\r\n    <!---->\r\n    <div class=\"h-section-grid-container h-section-boxed-container\">\r\n      <!---->\r\n      <div data-colibri-id=\"1000-c3\" class=\"h-row-container gutters-row-lg-2 gutters-row-md-2 gutters-row-0 gutters-row-v-lg-2 gutters-row-v-md-2 gutters-row-v-2 style-886 style-local-1000-c3 position-relative\">\r\n        <!---->\r\n        <div class=\"h-row justify-content-lg-center justify-content-md-center justify-content-center align-items-lg-stretch align-items-md-stretch align-items-stretch gutters-col-lg-2 gutters-col-md-2 gutters-col-0 gutters-col-v-lg-2 gutters-col-v-md-2 gutters-col-v-2\">\r\n          <!---->\r\n          <div class=\"h-column h-column-container d-flex h-col-lg-auto h-col-md-auto h-col-auto style-887-outer style-local-1000-c4-outer\">\r\n            <div data-colibri-id=\"1000-c4\" class=\"d-flex h-flex-basis h-column__inner h-px-lg-2 h-px-md-2 h-px-2 v-inner-lg-2 v-inner-md-2 v-inner-2 style-887 style-local-1000-c4 position-relative\">\r\n              <!---->\r\n              <!---->\r\n              <div class=\"w-100 h-y-container h-column__content h-column__v-align flex-basis-100 align-self-lg-start align-self-md-start align-self-start\">\r\n                <!---->\r\n                <div data-colibri-id=\"1000-c5\" class=\"h-text h-text-component style-888 style-local-1000-c5 position-relative h-element\">\r\n                  <!---->\r\n                  <!---->\r\n                  <div class=\"\">\r\n                    <h3><span style=\"font-weight: 400;\">Portal Zahlungssystem Aqua Pay<\/span><\/h3>\r\n                  <\/div>\r\n                <\/div>\r\n              <\/div>\r\n            <\/div>\r\n          <\/div>\r\n        <\/div>\r\n      <\/div>\r\n      <div data-colibri-id=\"1000-c6\" class=\"h-row-container gutters-row-lg-2 gutters-row-md-2 gutters-row-0 gutters-row-v-lg-2 gutters-row-v-md-2 gutters-row-v-2 style-879 style-local-1000-c6 position-relative\">\r\n        <!---->\r\n        <div class=\"h-row justify-content-lg-center justify-content-md-center justify-content-center align-items-lg-stretch align-items-md-stretch align-items-stretch gutters-col-lg-2 gutters-col-md-2 gutters-col-0 gutters-col-v-lg-2 gutters-col-v-md-2 gutters-col-v-2\">\r\n          <!---->\r\n          <div class=\"h-column h-column-container d-flex h-col-lg-auto h-col-md-auto h-col-auto style-880-outer style-local-1000-c7-outer\">\r\n            <div data-colibri-id=\"1000-c7\" class=\"d-flex h-flex-basis h-column__inner h-px-lg-2 h-px-md-2 h-px-2 v-inner-lg-2 v-inner-md-2 v-inner-2 style-880 style-local-1000-c7 position-relative\">\r\n              <!---->\r\n              <!---->\r\n              <div class=\"w-100 h-y-container h-column__content h-column__v-align flex-basis-100 align-self-lg-start align-self-md-start align-self-start\">\r\n                <!---->\r\n                <div data-colibri-id=\"1000-c8\" class=\"h-text h-text-component style-884 style-local-1000-c8 position-relative h-element\">\r\n                  <!---->\r\n                  <!---->\r\n                  <div class=\"\">\r\n                    <h4>Aqua Pay 7.0 mit und ohne Bodensockel<\/h4>\r\n                  <\/div>\r\n                <\/div>\r\n                <div data-colibri-id=\"1000-c9\" class=\"d-block style-882 style-local-1000-c9 position-relative h-element\">\r\n                  <!---->\r\n                  <div class=\"h-image__frame-container-outer\">\r\n                    <div class=\"h-image__frame-container\">\r\n                      <!---->\r\n                      <!---->\r\n                      <img loading=\"lazy\" decoding=\"async\" width=\"1000\" height=\"1000\" src=\"https:\/\/carwash.siems-klein.at\/wp-content\/uploads\/2024\/07\/aqua-change-7.webp\" class=\"wp-image-1003 style-882-image style-local-1000-c9-image\" alt=\"\" srcset=\"https:\/\/carwash.siems-klein.at\/wp-content\/uploads\/2024\/07\/aqua-change-7.webp 1000w, https:\/\/carwash.siems-klein.at\/wp-content\/uploads\/2024\/07\/aqua-change-7-300x300.webp 300w, https:\/\/carwash.siems-klein.at\/wp-content\/uploads\/2024\/07\/aqua-change-7-150x150.webp 150w, https:\/\/carwash.siems-klein.at\/wp-content\/uploads\/2024\/07\/aqua-change-7-768x768.webp 768w\" sizes=\"auto, (max-width: 1000px) 100vw, 1000px\" \/>\r\n                      <div class=\"h-image__frame h-hide-lg h-hide-md h-hide-sm style-882-frameImage style-local-1000-c9-frameImage\"><\/div>\r\n                    <\/div>\r\n                  <\/div>\r\n                <\/div>\r\n                <div data-colibri-id=\"1000-c14\" class=\"h-x-container style-919 style-local-1000-c14 position-relative h-element\">\r\n                  <!---->\r\n                  <div class=\"h-x-container-inner style-dynamic-1000-c14-group style-919-spacing style-local-1000-c14-spacing\"><span class=\"h-link__outer style-920-outer style-local-1000-c15-outer d-inline-flex h-element\"><a h-use-smooth-scroll=\"true\" href=\"https:\/\/carwash.siems-klein.at\/wp-content\/uploads\/2024\/06\/AQUAPAYSystem.pdf\" target=\"_blank\" data-colibri-id=\"1000-c15\" class=\"d-flex w-100 align-items-center h-link style-920 style-local-1000-c15 position-relative\" rel=\"noopener\"><!----><span  class=\"h-svg-icon h-link__icon style-920-icon style-local-1000-c15-icon\"><!--Icon by Font Awesome (https:\/\/fontawesome.com)-->\r\n    <svg version=\"1.1\" xmlns=\"http:\/\/www.w3.org\/2000\/svg\" xmlns:xlink=\"http:\/\/www.w3.org\/1999\/xlink\" id=\"file-pdf-o\" viewBox=\"0 0 1611.2499 1896.0833\">\r\n      <path d=\"M1468 380q28 28 48 76t20 88v1152q0 40-28 68t-68 28H96q-40 0-68-28t-28-68V96q0-40 28-68T96 0h896q40 0 88 20t76 48zm-444-244v376h376q-10-29-22-41l-313-313q-12-12-41-22zm384 1528V640H992q-40 0-68-28t-28-68V128H128v1536h1280zm-514-593q33 26 84 56 59-7 117-7 147 0 177 49 16 22 2 52 0 1-1 2l-2 2v1q-6 38-71 38-48 0-115-20t-130-53q-221 24-392 83-153 262-242 262-15 0-28-7l-24-12q-1-1-6-5-10-10-6-36 9-40 56-91.5t132-96.5q14-9 23 6 2 2 2 4 52-85 107-197 68-136 104-262-24-82-30.5-159.5T657 552q11-40 42-40h22q23 0 35 15 18 21 9 68-2 6-4 8 1 3 1 8v30q-2 123-14 192 55 164 146 238zm-576 411q52-24 137-158-51 40-87.5 84t-49.5 74zm398-920q-15 42-2 132 1-7 7-44 0-3 7-43 1-4 4-8-1-1-1-2-1-2-1-3-1-22-13-36 0 1-1 2v2zm-124 661q135-54 284-81-2-1-13-9.5t-16-13.5q-76-67-127-176-27 86-83 197-30 56-45 83zm646-16q-24-24-140-24 76 28 124 28 14 0 18-1 0-1-2-3z\"><\/path>\r\n    <\/svg><\/span> <span>Brosch\u00fcre (Infoblatt)<\/span><\/a>\r\n                    <\/span>\r\n                  <\/div>\r\n                <\/div>\r\n                <div data-colibri-id=\"1000-c13\" class=\"h-text h-text-component style-918 style-local-1000-c13 position-relative h-element\">\r\n                  <!---->\r\n                  <!---->\r\n                  <div class=\"\">\r\n                    <h3><strong>Technische Eigenschaften<\/strong><\/h3>\r\n                    <ul>\r\n                      <li>Metallstruktur aus verzinktem Stahl und lackiert in RAL 7004 grau<\/li>\r\n                      <li>Vordere Abdeckung aus schwarzem Polyethylen satiniert.<\/li>\r\n                      <li>7 \u201eGrafikfarbbildschirm mit hoher Helligkeit<\/li>\r\n                      <li>Kapazitiver Touchscreen mit dickem Glas.<\/li>\r\n                      <li>Programmierung aller aktiven Funktionen der Maschine<\/li>\r\n                      <li>Anzeige der Gesamt- und Teilabrechnung<\/li>\r\n                      <li>Anzeige von Maschinenanomalien und Fehlern<\/li>\r\n                      <li>Allgemeine Programmierung aller Daten und Parameter sowie die Funktion des Systems.<\/li>\r\n                      <li>Bei Verwendung von 2 Geld-Wechslern k\u00f6nnen beide alle Funktionen redundant ausf\u00fchren.<\/li>\r\n                      <li>Integrierte Heizung und L\u00fcfter<\/li>\r\n                      <li>Version Bodenbefestigung mit Sockel und vorderer \u00d6ffnung mit 2-Punkt-Sicherheitsschloss.<\/li>\r\n                      <li>Kompatibel mit Stargate S4, S6, S7, S9, S11, SH11, SHP und S111<\/li>\r\n                    <\/ul>\r\n                    <h4>Erh\u00e4ltlich mit<\/h4>\r\n                    <ul>\r\n                      <li>Bis zu 1 elektronischer M\u00fcnzpr\u00fcfer<\/li>\r\n                      <li>Bis zu 1 Ticketleser<\/li>\r\n                      <li>Bis zu 2 Schlitze f\u00fcr Hopper f\u00fcr M\u00fcnz oder Jeton<\/li>\r\n                      <li>Drucker<\/li>\r\n                      <li>Smart Coin RFID-Kartenleser<\/li>\r\n                      <li>Kompatibel mit Ger\u00e4ten von Drittanbietern (MDB-Protokoll)<\/li>\r\n                    <\/ul>\r\n                    <p>\r\n                      <br>\r\n                    <\/p>\r\n                  <\/div>\r\n                <\/div>\r\n              <\/div>\r\n            <\/div>\r\n          <\/div>\r\n          <div class=\"h-column h-column-container d-flex h-col-lg-auto h-col-md-auto h-col-auto style-881-outer style-local-1000-c10-outer\">\r\n            <div data-colibri-id=\"1000-c10\" class=\"d-flex h-flex-basis h-column__inner h-px-lg-2 h-px-md-2 h-px-2 v-inner-lg-2 v-inner-md-2 v-inner-2 style-881 style-local-1000-c10 position-relative\">\r\n              <!---->\r\n              <!---->\r\n              <div class=\"w-100 h-y-container h-column__content h-column__v-align flex-basis-100 align-self-lg-start align-self-md-start align-self-start\">\r\n                <!---->\r\n                <div data-colibri-id=\"1000-c11\" class=\"h-text h-text-component style-885 style-local-1000-c11 position-relative h-element\">\r\n                  <!---->\r\n                  <!---->\r\n                  <div class=\"\">\r\n                    <h4>Aqua Pay 10.0 mit und ohne Bodensockel<\/h4>\r\n                  <\/div>\r\n                <\/div>\r\n                <div data-colibri-id=\"1000-c12\" class=\"d-block style-883 style-local-1000-c12 position-relative h-element\">\r\n                  <!---->\r\n                  <div class=\"h-image__frame-container-outer\">\r\n                    <div class=\"h-image__frame-container\">\r\n                      <!---->\r\n                      <!---->\r\n                      <img loading=\"lazy\" decoding=\"async\" width=\"1000\" height=\"1000\" src=\"https:\/\/carwash.siems-klein.at\/wp-content\/uploads\/2024\/07\/aqua-change-10.webp\" class=\"wp-image-1004 style-883-image style-local-1000-c12-image\" alt=\"\" srcset=\"https:\/\/carwash.siems-klein.at\/wp-content\/uploads\/2024\/07\/aqua-change-10.webp 1000w, https:\/\/carwash.siems-klein.at\/wp-content\/uploads\/2024\/07\/aqua-change-10-300x300.webp 300w, https:\/\/carwash.siems-klein.at\/wp-content\/uploads\/2024\/07\/aqua-change-10-150x150.webp 150w, https:\/\/carwash.siems-klein.at\/wp-content\/uploads\/2024\/07\/aqua-change-10-768x768.webp 768w\" sizes=\"auto, (max-width: 1000px) 100vw, 1000px\" \/>\r\n                      <div class=\"h-image__frame h-hide-lg h-hide-md h-hide-sm style-883-frameImage style-local-1000-c12-frameImage\"><\/div>\r\n                    <\/div>\r\n                  <\/div>\r\n                <\/div>\r\n                <div data-colibri-id=\"1000-c16\" class=\"h-x-container style-921 style-local-1000-c16 position-relative h-element\">\r\n                  <!---->\r\n                  <div class=\"h-x-container-inner style-dynamic-1000-c16-group style-921-spacing style-local-1000-c16-spacing\"><span class=\"h-link__outer style-922-outer style-local-1000-c17-outer d-inline-flex h-element\"><a h-use-smooth-scroll=\"true\" href=\"https:\/\/carwash.siems-klein.at\/wp-content\/uploads\/2024\/06\/AQUAPAYSystem.pdf\" target=\"_blank\" data-colibri-id=\"1000-c17\" class=\"d-flex w-100 align-items-center h-link style-922 style-local-1000-c17 position-relative\" rel=\"noopener\"><!----><span  class=\"h-svg-icon h-link__icon style-922-icon style-local-1000-c17-icon\"><!--Icon by Font Awesome (https:\/\/fontawesome.com)-->\r\n    <svg version=\"1.1\" xmlns=\"http:\/\/www.w3.org\/2000\/svg\" xmlns:xlink=\"http:\/\/www.w3.org\/1999\/xlink\" id=\"file-pdf-o\" viewBox=\"0 0 1611.2499 1896.0833\">\r\n      <path d=\"M1468 380q28 28 48 76t20 88v1152q0 40-28 68t-68 28H96q-40 0-68-28t-28-68V96q0-40 28-68T96 0h896q40 0 88 20t76 48zm-444-244v376h376q-10-29-22-41l-313-313q-12-12-41-22zm384 1528V640H992q-40 0-68-28t-28-68V128H128v1536h1280zm-514-593q33 26 84 56 59-7 117-7 147 0 177 49 16 22 2 52 0 1-1 2l-2 2v1q-6 38-71 38-48 0-115-20t-130-53q-221 24-392 83-153 262-242 262-15 0-28-7l-24-12q-1-1-6-5-10-10-6-36 9-40 56-91.5t132-96.5q14-9 23 6 2 2 2 4 52-85 107-197 68-136 104-262-24-82-30.5-159.5T657 552q11-40 42-40h22q23 0 35 15 18 21 9 68-2 6-4 8 1 3 1 8v30q-2 123-14 192 55 164 146 238zm-576 411q52-24 137-158-51 40-87.5 84t-49.5 74zm398-920q-15 42-2 132 1-7 7-44 0-3 7-43 1-4 4-8-1-1-1-2-1-2-1-3-1-22-13-36 0 1-1 2v2zm-124 661q135-54 284-81-2-1-13-9.5t-16-13.5q-76-67-127-176-27 86-83 197-30 56-45 83zm646-16q-24-24-140-24 76 28 124 28 14 0 18-1 0-1-2-3z\"><\/path>\r\n    <\/svg><\/span> <span>Brosch\u00fcre (Infoblatt)<\/span><\/a>\r\n                    <\/span>\r\n                  <\/div>\r\n                <\/div>\r\n                <div data-colibri-id=\"1000-c19\" class=\"h-text h-text-component style-924 style-local-1000-c19 position-relative h-element\">\r\n                  <!---->\r\n                  <!---->\r\n                  <div class=\"\">\r\n                    <h3><strong>Technische Eigenschaften<\/strong><\/h3>\r\n                    <ul>\r\n                      <li>Metallstruktur aus verzinktem Stahl und lackiert in RAL 7004 grau<\/li>\r\n                      <li>Vordere Abdeckung aus schwarzem Polyethylen satiniert.<\/li>\r\n                      <li>10,1 \u201eGrafikfarbbildschirm mit hoher Helligkeit.<\/li>\r\n                      <li>Kapazitiver Touchscreen mit dickem Glas.<\/li>\r\n                      <li>Frontkontur mit ged\u00e4mpfter wei\u00dfer LED-Beleuchtung.<\/li>\r\n                      <li>Transparente Meth-Acrylat-Seitenw\u00e4nde mit Hintergrundbeleuchtung durch ged\u00e4mpfte wei\u00dfe LED und leuchtendes Aquarama-Logo.<\/li>\r\n                      <li>Programmierung aller aktiven Funktionen der Maschine<\/li>\r\n                      <li>Anzeige der Gesamt- und Teilabrechnung<\/li>\r\n                      <li>Anzeige von Maschinenanomalien und Fehlern<\/li>\r\n                      <li>Allgemeine Programmierung aller Daten und Parameter sowie die Funktion des Systems.<\/li>\r\n                      <li>Bei Verwendung von 2 Geld-Wechslern k\u00f6nnen beide alle Funktionen redundant ausf\u00fchren.<\/li>\r\n                      <li>Integrierte Heizung und L\u00fcfter<\/li>\r\n                      <li>Gro\u00dfes integriertes und LED-beleuchtetes Fach f\u00fcr Jetons, Kleingeld und Karten<\/li>\r\n                      <li>Kompatibel mit Stargate S4, S6, S7, S9, S11, SH11, SHP und S111<\/li>\r\n                    <\/ul>\r\n                    <h4><strong style=\"font-weight: 400;\">Erh\u00e4ltlich mit<\/strong><\/h4>\r\n                    <ul>\r\n                      <li>Bis zu 2 elektronische M\u00fcnzpr\u00fcfer mit LED-Beleuchtung<\/li>\r\n                      <li>Bis zu 2 Geldscheinleser mit Stapelsystem und LED-Beleuchtung<\/li>\r\n                      <li>Bis zu 4 Pl\u00e4tze f\u00fcr Hopper oder Kasse, in denen:<\/li>\r\n                      <li class=\"ql-indent-1\">Position 1<\/li>\r\n                      <li class=\"ql-indent-1\">&nbsp;&nbsp;&nbsp;Hopper f\u00fcr M\u00fcnze oder Jetons oder Hopper f\u00fcr Karten<\/li>\r\n                      <li class=\"ql-indent-1\">Position 2<\/li>\r\n                      <li class=\"ql-indent-1\">&nbsp;&nbsp;&nbsp;Hopper f\u00fcr M\u00fcnze oder Jetons<\/li>\r\n                      <li class=\"ql-indent-1\">Position 3<\/li>\r\n                      <li class=\"ql-indent-1\">&nbsp;&nbsp;&nbsp;Hopper f\u00fcr M\u00fcnze oder Jetons oder Integrierte M\u00fcnz- \/ Jeton-Box<\/li>\r\n                      <li class=\"ql-indent-1\">Position 4<\/li>\r\n                      <li class=\"ql-indent-1\">&nbsp;&nbsp;&nbsp;Hopper f\u00fcr M\u00fcnze oder Jeton oder Hopper f\u00fcr M\u00fcnzen (1,2,5) oder&nbsp;&nbsp;&nbsp;Integrierte M\u00fcnz- \/ Jeton-Box<\/li>\r\n                      <li>Drucker mit LED-Beleuchtung<\/li>\r\n                      <li>RFID Smart Coin Kartenleser mit LED-Beleuchtung<\/li>\r\n                      <li>Kompatibel mit Ger\u00e4ten von Drittanbietern (MDB-Protokoll)<\/li>\r\n                      <li>Kreditkartenzahlungssystem<\/li>\r\n                      <li>Ingenico<\/li>\r\n                      <li>Nayax<\/li>\r\n                      <li>Am Hauptbildschirm kann die Auswahl der Anzahl Jetons und \/ oder der gew\u00fcnschten M\u00fcnzeinheit<\/li>\r\n                    <\/ul>\r\n                    <p>\r\n                      <br>\r\n                    <\/p>\r\n                  <\/div>\r\n                <\/div>\r\n              <\/div>\r\n            <\/div>\r\n          <\/div>\r\n        <\/div>\r\n      <\/div>\r\n    <\/div>\r\n  <\/div>\r\n<\/div>","protected":false},"excerpt":{"rendered":"<p>Portal Zahlungssystem Aqua Pay Aqua Pay 7.0 mit und ohne Bodensockel Brosch\u00fcre (Infoblatt) Technische Eigenschaften Metallstruktur aus verzinktem Stahl und lackiert in RAL 7004 grau Vordere Abdeckung aus schwarzem Polyethylen satiniert. 7 \u201eGrafikfarbbildschirm mit hoher Helligkeit Kapazitiver Touchscreen mit dickem Glas. Programmierung aller aktiven Funktionen der Maschine Anzeige der Gesamt- und Teilabrechnung Anzeige von Maschinenanomalien [&hellip;]<\/p>\n","protected":false},"author":2,"featured_media":0,"parent":0,"menu_order":0,"comment_status":"closed","ping_status":"closed","template":"page-templates\/full-width-page.php","meta":{"om_disable_all_campaigns":false,"_monsterinsights_skip_tracking":false,"_monsterinsights_sitenote_active":false,"_monsterinsights_sitenote_note":"","_monsterinsights_sitenote_category":0,"footnotes":""},"class_list":["post-1000","page","type-page","status-publish","hentry"],"aioseo_notices":[],"_links":{"self":[{"href":"https:\/\/carwash.siems-klein.at\/index.php?rest_route=\/wp\/v2\/pages\/1000","targetHints":{"allow":["GET"]}}],"collection":[{"href":"https:\/\/carwash.siems-klein.at\/index.php?rest_route=\/wp\/v2\/pages"}],"about":[{"href":"https:\/\/carwash.siems-klein.at\/index.php?rest_route=\/wp\/v2\/types\/page"}],"author":[{"embeddable":true,"href":"https:\/\/carwash.siems-klein.at\/index.php?rest_route=\/wp\/v2\/users\/2"}],"replies":[{"embeddable":true,"href":"https:\/\/carwash.siems-klein.at\/index.php?rest_route=%2Fwp%2Fv2%2Fcomments&post=1000"}],"version-history":[{"count":7,"href":"https:\/\/carwash.siems-klein.at\/index.php?rest_route=\/wp\/v2\/pages\/1000\/revisions"}],"predecessor-version":[{"id":1089,"href":"https:\/\/carwash.siems-klein.at\/index.php?rest_route=\/wp\/v2\/pages\/1000\/revisions\/1089"}],"wp:attachment":[{"href":"https:\/\/carwash.siems-klein.at\/index.php?rest_route=%2Fwp%2Fv2%2Fmedia&parent=1000"}],"curies":[{"name":"wp","href":"https:\/\/api.w.org\/{rel}","templated":true}]}}